{"id":71,"date":"2020-03-25T17:19:11","date_gmt":"2020-03-25T17:19:11","guid":{"rendered":"https:\/\/apr-hamburg.net\/?page_id=71"},"modified":"2020-03-25T17:36:37","modified_gmt":"2020-03-25T17:36:37","slug":"kontakt","status":"publish","type":"page","link":"https:\/\/apr-hamburg.de\/index.php\/kontakt\/","title":{"rendered":"Kontakt"},"content":{"rendered":"\t\t<div data-elementor-type=\"wp-page\" data-elementor-id=\"71\" class=\"elementor elementor-71\">\n\t\t\t\t\t\t\t\t\t<section class=\"elementor-section elementor-top-section elementor-element elementor-element-15416f77 elementor-section-boxed elementor-section-height-default elementor-section-height-default\" data-id=\"15416f77\" data-element_type=\"section\">\n\t\t\t\t\t\t<div class=\"elementor-container elementor-column-gap-default\">\n\t\t\t\t\t<div class=\"elementor-column elementor-col-50 elementor-top-column elementor-element elementor-element-39de4f78\" data-id=\"39de4f78\" data-element_type=\"column\">\n\t\t\t<div class=\"elementor-widget-wrap elementor-element-populated\">\n\t\t\t\t\t\t\t\t<div class=\"elementor-element elementor-element-44c66016 elementor-widget elementor-widget-text-editor\" data-id=\"44c66016\" data-element_type=\"widget\" data-widget_type=\"text-editor.default\">\n\t\t\t\t<div class=\"elementor-widget-container\">\n\t\t\t\t\t\t\t<p><img fetchpriority=\"high\" decoding=\"async\" class=\"alignnone size-full wp-image-15\" src=\"https:\/\/apr-hamburg.net\/wp-content\/uploads\/2020\/03\/tab_background.gif\" alt=\"\" width=\"202\" height=\"264\" \/><\/p>\t\t\t\t\t\t<\/div>\n\t\t\t\t<\/div>\n\t\t\t\t\t<\/div>\n\t\t<\/div>\n\t\t\t\t<div class=\"elementor-column elementor-col-50 elementor-top-column elementor-element elementor-element-1d3ef83\" data-id=\"1d3ef83\" data-element_type=\"column\">\n\t\t\t<div class=\"elementor-widget-wrap elementor-element-populated\">\n\t\t\t\t\t\t\t\t<div class=\"elementor-element elementor-element-fb2b40e elementor-widget elementor-widget-text-editor\" data-id=\"fb2b40e\" data-element_type=\"widget\" data-widget_type=\"text-editor.default\">\n\t\t\t\t<div class=\"elementor-widget-container\">\n\t\t\t\t\t\t\t<p><a name=\"124\"><\/a><\/p><p>Haben wir Sie neugierig auf uns gemacht? Wollen Sie mehr \u00fcber unser Unternehmen erfahren oder haben Sie konkrete Anfragen bez\u00fcglich freier Kapazit\u00e4ten?\u00a0<\/p><p><b>Ihr direkter Kontakt zu uns:<\/b><\/p><p>Niels Steller<\/p><p><a>niels.steller@apr-hamburg.de<\/a><\/p><p>Telefon 040 \/ 58 30 76<\/p><p><img decoding=\"async\" class=\"spacer-gif\" title=\"\" src=\"https:\/\/apr-hamburg.de\/clear.gif\" alt=\"\" width=\"1\" height=\"10\" border=\"0\" \/><\/p>\t\t\t\t\t\t<\/div>\n\t\t\t\t<\/div>\n\t\t\t\t\t<\/div>\n\t\t<\/div>\n\t\t\t\t\t\t\t<\/div>\n\t\t<\/section>\n\t\t\t\t\t\t\t<\/div>\n\t\t","protected":false},"excerpt":{"rendered":"<p>Haben wir Sie neugierig auf uns gemacht? Wollen Sie mehr \u00fcber unser Unternehmen erfahren oder haben Sie konkrete Anfragen bez\u00fcglich freier Kapazit\u00e4ten?\u00a0 Ihr direkter Kontakt&hellip;<\/p>\n","protected":false},"author":1,"featured_media":0,"parent":0,"menu_order":0,"comment_status":"closed","ping_status":"closed","template":"","meta":{"footnotes":""},"class_list":["post-71","page","type-page","status-publish","hentry"],"aioseo_notices":[],"jetpack_sharing_enabled":true,"_links":{"self":[{"href":"https:\/\/apr-hamburg.de\/index.php\/wp-json\/wp\/v2\/pages\/71","targetHints":{"allow":["GET"]}}],"collection":[{"href":"https:\/\/apr-hamburg.de\/index.php\/wp-json\/wp\/v2\/pages"}],"about":[{"href":"https:\/\/apr-hamburg.de\/index.php\/wp-json\/wp\/v2\/types\/page"}],"author":[{"embeddable":true,"href":"https:\/\/apr-hamburg.de\/index.php\/wp-json\/wp\/v2\/users\/1"}],"replies":[{"embeddable":true,"href":"https:\/\/apr-hamburg.de\/index.php\/wp-json\/wp\/v2\/comments?post=71"}],"version-history":[{"count":8,"href":"https:\/\/apr-hamburg.de\/index.php\/wp-json\/wp\/v2\/pages\/71\/revisions"}],"predecessor-version":[{"id":96,"href":"https:\/\/apr-hamburg.de\/index.php\/wp-json\/wp\/v2\/pages\/71\/revisions\/96"}],"wp:attachment":[{"href":"https:\/\/apr-hamburg.de\/index.php\/wp-json\/wp\/v2\/media?parent=71"}],"curies":[{"name":"wp","href":"https:\/\/api.w.org\/{rel}","templated":true}]}}