{"id":84,"date":"2020-03-25T17:29:34","date_gmt":"2020-03-25T17:29:34","guid":{"rendered":"https:\/\/apr-hamburg.net\/?page_id=84"},"modified":"2020-03-25T17:30:15","modified_gmt":"2020-03-25T17:30:15","slug":"impressum","status":"publish","type":"page","link":"https:\/\/apr-hamburg.de\/index.php\/impressum\/","title":{"rendered":"Impressum"},"content":{"rendered":"\t\t<div data-elementor-type=\"wp-page\" data-elementor-id=\"84\" class=\"elementor elementor-84\">\n\t\t\t\t\t\t\t\t\t<section class=\"elementor-section elementor-top-section elementor-element elementor-element-44905c3b elementor-section-boxed elementor-section-height-default elementor-section-height-default\" data-id=\"44905c3b\" data-element_type=\"section\">\n\t\t\t\t\t\t<div class=\"elementor-container elementor-column-gap-default\">\n\t\t\t\t\t<div class=\"elementor-column elementor-col-50 elementor-top-column elementor-element elementor-element-5f8d120a\" data-id=\"5f8d120a\" data-element_type=\"column\">\n\t\t\t<div class=\"elementor-widget-wrap elementor-element-populated\">\n\t\t\t\t\t\t\t\t<div class=\"elementor-element elementor-element-6c875852 elementor-widget elementor-widget-text-editor\" data-id=\"6c875852\" data-element_type=\"widget\" data-widget_type=\"text-editor.default\">\n\t\t\t\t<div class=\"elementor-widget-container\">\n\t\t\t\t\t\t\t<p><img fetchpriority=\"high\" decoding=\"async\" class=\"alignnone size-full wp-image-15\" src=\"https:\/\/apr-hamburg.net\/wp-content\/uploads\/2020\/03\/tab_background.gif\" alt=\"\" width=\"202\" height=\"264\" \/><img fetchpriority=\"high\" decoding=\"async\" class=\"alignnone size-full wp-image-15\" src=\"https:\/\/apr-hamburg.net\/wp-content\/uploads\/2020\/03\/tab_background.gif\" alt=\"\" width=\"202\" height=\"264\" \/><\/p>\t\t\t\t\t\t<\/div>\n\t\t\t\t<\/div>\n\t\t\t\t\t<\/div>\n\t\t<\/div>\n\t\t\t\t<div class=\"elementor-column elementor-col-50 elementor-top-column elementor-element elementor-element-2fc76ed\" data-id=\"2fc76ed\" data-element_type=\"column\">\n\t\t\t<div class=\"elementor-widget-wrap elementor-element-populated\">\n\t\t\t\t\t\t\t\t<div class=\"elementor-element elementor-element-12905af elementor-widget elementor-widget-text-editor\" data-id=\"12905af\" data-element_type=\"widget\" data-widget_type=\"text-editor.default\">\n\t\t\t\t<div class=\"elementor-widget-container\">\n\t\t\t\t\t\t\t<h2>Herausgeber<\/h2>\nAPR Unternehmensberatungs GmbH\n\nPuckholm 3\n\n22547 Hamburg\n\n<img decoding=\"async\" class=\"spacer-gif\" title=\"\" src=\"https:\/\/apr-hamburg.de\/clear.gif\" alt=\"\" width=\"1\" height=\"10\" border=\"0\" \/>\n<a name=\"17\"><\/a>\n<h2><\/h2>\n<table border=\"0\" cellspacing=\"0\" cellpadding=\"1\">\n<tbody>\n<tr>\n<td valign=\"top\">\u00a0\u00a0\u00a0\u00a0E-Mail:<\/td>\n<td valign=\"top\"><a>info@apr-hamburg.de<\/a><\/td>\n<\/tr>\n<tr>\n<td valign=\"top\">\u00a0\u00a0\u00a0\u00a0Internet:<\/td>\n<td valign=\"top\"><a href=\"http:\/\/www.apr-hamburg.de\/\" target=\"_blank\" rel=\"noopener noreferrer\">www.apr-hamburg.de<\/a><\/td>\n<\/tr>\n<tr>\n<td valign=\"top\">\u00a0\u00a0\u00a0\u00a0Telefon:<\/td>\n<td valign=\"top\">+49 (0)40 58 30 76<\/td>\n<\/tr>\n<tr>\n<td valign=\"top\">\u00a0\u00a0\u00a0\u00a0Telefax:<\/td>\n<td valign=\"top\">+49 (0)40 58 91 50 79<\/td>\n<\/tr>\n<\/tbody>\n<\/table>\n<img decoding=\"async\" class=\"spacer-gif\" title=\"\" src=\"https:\/\/apr-hamburg.de\/clear.gif\" alt=\"\" width=\"1\" height=\"10\" border=\"0\" \/>\n<a name=\"18\"><\/a>\n<h2>Amtsgericht<\/h2>\n<span class=\"exampleContent\">Amtsgericht Hamburg HRB 52173<\/span>\n\n<img decoding=\"async\" class=\"spacer-gif\" title=\"\" src=\"https:\/\/apr-hamburg.de\/clear.gif\" alt=\"\" width=\"1\" height=\"10\" border=\"0\" \/>\n<a name=\"19\"><\/a>\n<h2>Umsatzsteueridentifikationsnummer<\/h2>\n<table border=\"0\" cellspacing=\"0\" cellpadding=\"1\">\n<tbody>\n<tr>\n<td valign=\"top\">\u00a0\u00a0\u00a0\u00a0Ust-Nr.<\/td>\n<td valign=\"top\">54 852 01345<\/td>\n<\/tr>\n<tr>\n<td valign=\"top\">\u00a0\u00a0\u00a0\u00a0UID<\/td>\n<td valign=\"top\">DE154231219<\/td>\n<\/tr>\n<\/tbody>\n<\/table>\n<img decoding=\"async\" class=\"spacer-gif\" title=\"\" src=\"https:\/\/apr-hamburg.de\/clear.gif\" alt=\"\" width=\"1\" height=\"10\" border=\"0\" \/>\n<a name=\"20\"><\/a>\n<h2>Gesch\u00e4ftsf\u00fchrer<\/h2>\nAPR Unternehmensberatungs GmbH\n\nRobert Sieck\n\nPuckholm 3\n\n22547 Hamburg\n\n&nbsp;\n\nE-Mail: <a>robert.sieck@apr-hamburg.de<\/a>\n\n<img decoding=\"async\" class=\"spacer-gif\" title=\"\" src=\"https:\/\/apr-hamburg.de\/clear.gif\" alt=\"\" width=\"1\" height=\"10\" border=\"0\" \/>\n<a name=\"21\"><\/a>\n<h2>Inhalt und Ansprechpartner<\/h2>\nAPR Unternehmensberatungs GmbH\n\nRobert Sieck\n\nPuckholm 3\n\n22547 Hamburg\n\n&nbsp;\n\nE-Mail: <a>robert.sieck@apr-hamburg.de<\/a>\n\n<img decoding=\"async\" class=\"spacer-gif\" title=\"\" src=\"https:\/\/apr-hamburg.de\/clear.gif\" alt=\"\" width=\"1\" height=\"10\" border=\"0\" \/>\n<a name=\"22\"><\/a>\n<h2>Haftungsausschluss<\/h2>\nDiese Website bildet den tempor\u00e4ren Stand eines kontinuierlichen Arbeitsprozesses ab. Obwohl bei der Zusammenstellung der auf unseren Webseiten enthaltenen Informationen gr\u00f6\u00dfte Sorgfalt angewandt wurde, kann die APR Unternehmensberatungs GmbH f\u00fcr die Aktualit\u00e4t, Richtigkeit oder Vollst\u00e4ndigkeit keine Gew\u00e4hr \u00fcbernehmen.\n\n&nbsp;\n\nHaftungsanspr\u00fcche gegen die APR Unternehmensberatungs GmbH, die sich auf Sch\u00e4den materieller oder ideeller Art beziehen, welche durch die Nutzung oder Nichtnutzung der dargebotenen Informationen oder durch fehlerhafte und unvollst\u00e4ndige Informationen verursacht wurden, sind grunds\u00e4tzlich ausgeschlossen.\n\n&nbsp;\n\nWir behalten uns \u00c4nderungen der Informationen auf diesem Server ohne vorherige Ank\u00fcndigung vor. Alle Angebote sind freibleibend und unverbindlich.\n\n<img decoding=\"async\" class=\"spacer-gif\" title=\"\" src=\"https:\/\/apr-hamburg.de\/clear.gif\" alt=\"\" width=\"1\" height=\"10\" border=\"0\" \/>\n<a name=\"23\"><\/a>\n<h2>Links zu externen Webseiten<\/h2>\nDie Website enth\u00e4lt Links zu externen Websites. Da diese Websites nicht unserem Einfluss unterliegen, k\u00f6nnen wir keinerlei Verantwortung f\u00fcr deren Inhalte und Datenschutzpolitik \u00fcbernehmen.\n\n<img decoding=\"async\" class=\"spacer-gif\" title=\"\" src=\"https:\/\/apr-hamburg.de\/clear.gif\" alt=\"\" width=\"1\" height=\"10\" border=\"0\" \/>\n<a name=\"24\"><\/a>\n<h2>Urheberrecht<\/h2>\nDie Inhalte dieser Website sind urheberrechtlich gesch\u00fctzt. Ohne schriftliche Genehmigung seitens der APR Unternehmensberatungs GmbH darf der Inhalt dieser Seite in keiner Form reproduziert oder unter Verwendung elektronischer Systeme verarbeitet, vervielf\u00e4ltigt oder verbreitet werden, es sei denn, Gegenteiliges w\u00e4re ausdr\u00fccklich vermerkt.\n\n<img decoding=\"async\" class=\"spacer-gif\" title=\"\" src=\"https:\/\/apr-hamburg.de\/clear.gif\" alt=\"\" width=\"1\" height=\"10\" border=\"0\" \/>\n<a name=\"25\"><\/a>\n<h2>Marken- und Warenzeichen<\/h2>\nAlle innerhalb dieser Website genannten Marken- und Warenzeichen unterliegen uneingeschr\u00e4nkt den Bestimmungen des jeweils g\u00fcltigen Kennzeichnungsrechtes und gegebenenfalls den Besitzrechten der jeweiligen eingetragenen Eigent\u00fcmer.\n\n<img decoding=\"async\" class=\"spacer-gif\" title=\"\" src=\"https:\/\/apr-hamburg.de\/clear.gif\" alt=\"\" width=\"1\" height=\"10\" border=\"0\" \/>\n<a name=\"26\"><\/a>\n<h2>Datenschutzerkl\u00e4rung<\/h2>\nSie erhalten als Nutzer unserer Internetseite in dieser Datenschutzerkl\u00e4rung alle notwendigen Informationen dar\u00fcber, wie, in welchem Umfang sowie zu welchem Zweck wir oder Drittanbieter Daten von Ihnen erheben und diese verwenden. Die Erhebung und Nutzung Ihrer Daten erfolgt streng nach den Vorgaben des Bundesdatenschutzgesetzes (BDSG) und des Telemediengesetzes (TMG). Wir f\u00fchlen uns der Vertraulichkeit Ihrer personenbezogenen Daten besonders verpflichtet und arbeiten deshalb streng innerhalb der Grenzen, die die gesetzlichen Vorgaben uns setzen. Die Erhebung dieser personenbezogenen Daten erfolgt auf freiwilliger Basis, wenn uns das m\u00f6glich ist. Auch geben wir diese Daten nur mit Ihrer ausdr\u00fccklichen Zustimmung an Dritte weiter. Wir sorgen bei besonders vertraulichen Daten wie im Zahlungsverkehr oder im Hinblick auf Ihre Anfragen an uns durch Einsatz einer SSL-Verschl\u00fcsselung f\u00fcr hohe Sicherheit. Wir m\u00f6chten es aber an dieser Stelle nicht vers\u00e4umen, auf die allgemeinen Gefahren der Internetnutzung hinzuweisen, auf die wir keinen Einfluss haben. Besonders im E-Mail-Verkehr sind Ihre Daten ohne weitere Vorkehrungen nicht sicher und k\u00f6nnen unter Umst\u00e4nden von Dritten erfasst werden.\n\n<img decoding=\"async\" class=\"spacer-gif\" title=\"\" src=\"https:\/\/apr-hamburg.de\/clear.gif\" alt=\"\" width=\"1\" height=\"10\" border=\"0\" \/>\n<a name=\"163\"><\/a>\n<h2>Auskunft, L\u00f6schung, Sperrung<\/h2>\nSie erhalten jederzeit unentgeltlich Auskunft \u00fcber die von uns gespeicherten personenbezogenen Daten zu Ihrer Person sowie zur Herkunft, dem Empf\u00e4nger und dem Zweck von Datenerhebung sowie Datenverarbeitung. Au\u00dferdem haben Sie das Recht, die Berichtigung, die Sperrung oder L\u00f6schung Ihrer Daten zu verlangen. Ausgenommen davon sind Daten, die aufgrund gesetzlicher Vorschriften aufbewahrt oder zur ordnungsgem\u00e4\u00dfen Gesch\u00e4ftsabwicklung ben\u00f6tigt werden. Damit eine Datensperre jederzeit realisiert werden kann, werden Daten zu Kontrollzwecken in einer Sperrdatei vorgehalten. Werden Daten nicht von einer gesetzlichen Archivierungspflicht erfasst, l\u00f6schen wir Ihre Daten auf Ihren Wunsch. Greift die Archivierungspflicht, sperren wir Ihre Daten. F\u00fcr alle Fragen und Anliegen zur Berichtigung, Sperrung oder L\u00f6schung von personenbezogenen Daten wenden Sie sich bitte an unseren Datenschutzbeauftragten unter den Kontaktdaten in dieser Datenschutzerkl\u00e4rung bzw. an die im Impressum genannte Adresse.\n\n<img decoding=\"async\" class=\"spacer-gif\" title=\"\" src=\"https:\/\/apr-hamburg.de\/clear.gif\" alt=\"\" width=\"1\" height=\"10\" border=\"0\" \/>\n<a name=\"164\"><\/a>\n<h2>Erhebung von Zugriffsdaten<\/h2>\nDie Auslieferung und Darstellung der Inhalte \u00fcber unsere Webseite erfordert technisch die Erfassung bestimmter Daten. Mit Ihrem Zugriff auf unsere Webseite werden diese sogenannten Server-Logfiles durch uns oder den Provider des Webspace erfasst. Diese Logfiles erlauben keinen R\u00fcckschluss auf Sie und Ihre Person. Die entsprechenden Informationen bestehen aus dem Namen der Webseite, der Datei, dem aktuellen Datum, der Datenmenge, dem Webrowser und seiner Version, dem eingesetzten Betriebssystem, dem Domain-Namen Ihres Internet-Providers, der Referrer-URL als jene Seite, von der Sie auf unsere Seite gewechselt sind, sowie der entsprechenden IP-Adresse. Wir nutzen diese Daten zur Darstellung und Auslieferung unserer Inhalte sowie zu statistischen Zwecken. Die Informationen unterst\u00fctzen die Bereitstellung und st\u00e4ndige Verbesserung unseres Angebots. Auch behalten wir uns vor, die erw\u00e4hnten Daten nachtr\u00e4glich zu pr\u00fcfen, sollte der Verdacht auf eine rechtswidrige Nutzung unseres Angebotes bestehen.\n\n<img decoding=\"async\" class=\"spacer-gif\" title=\"\" src=\"https:\/\/apr-hamburg.de\/clear.gif\" alt=\"\" width=\"1\" height=\"10\" border=\"0\" \/>\n<a name=\"165\"><\/a>\n<h2>Server Logfiles<\/h2>\nBei den Server Logfiles handelt es sich um anonymisierte Daten, die bei Ihrem Zugriff auf unsere Webseite erfasst werden. Diese Informationen erm\u00f6glichen keine R\u00fcckschl\u00fcsse auf Sie pers\u00f6nlich, sind aber aus technischen Gr\u00fcnden f\u00fcr die Auslieferung und Darstellung unserer Inhalte unverzichtbar. Weiterhin dienen Sie unserer Statistik und der st\u00e4ndigen Optimierung unserer Inhalte. Typische Logfiles sind das Datum und die Zeit des Zugriffs, die Datenmenge, der f\u00fcr den Zugriff benutzte Browser und seine Version, das eingesetzte Betriebssystem, der Domainname des von Ihnen beauftragten Providers, die Seite, von der Sie zu unserem Angebot gekommen sind (Referrer-URL) und Ihre IP-Adresse. Logfiles erm\u00f6glichen au\u00dferdem eine genaue Pr\u00fcfung bei Verdacht auf eine rechtswidrige Nutzung unserer Webseite.\n\n<img decoding=\"async\" class=\"spacer-gif\" title=\"\" src=\"https:\/\/apr-hamburg.de\/clear.gif\" alt=\"\" width=\"1\" height=\"10\" border=\"0\" \/>\n<a name=\"166\"><\/a>\n<h2>SSL-Verschl\u00fcsselung<\/h2>\nUnsere Webseite bedient sich einer SSL-Verschl\u00fcsselung, wenn es um die \u00dcbermittlung vertraulicher oder pers\u00f6nlicher Inhalte unserer Nutzer geht. Diese Verschl\u00fcsslung wird zum Beispiel bei der Abwicklung des Zahlungsverkehrs sowie bei Anfragen aktiviert, die Sie an uns \u00fcber unsere Webseite stellen. Achten Sie bitte darauf, dass die SSL-Verschl\u00fcsselung bei entsprechenden Aktivit\u00e4ten von Ihrer Seite her aktiviert ist. Der Einsatz der Verschl\u00fcsselung ist leicht zu erkennen: Die Anzeige in Ihrer Browserzeile wechselt von \u201ehttp:\/\/\u201c zu \u201ehttps:\/\/\u201c. \u00dcber SSL verschl\u00fcsselte Daten sind nicht von Dritten lesbar. \u00dcbermitteln Sie Ihre vertraulichen Informationen nur bei aktivierter SSL-Verschl\u00fcsselung und wenden Sie sich im Zweifel an uns.\n\n<img decoding=\"async\" class=\"spacer-gif\" title=\"\" src=\"https:\/\/apr-hamburg.de\/clear.gif\" alt=\"\" width=\"1\" height=\"10\" border=\"0\" \/>\n<a name=\"167\"><\/a>\n<h2>Verwendung von Google Analytics<\/h2>\nWir nutzen auf unserer Webseite den Webanalysedienst Google Analytics von Google Inc. Dieser setzt Cookies ein. Dabei handelt es sich um Textdateien, die durch Speicherung auf Ihrem PC eine Analyse zu Ihrem Nutzerverhalten in Bezug auf unsere Webseite erlauben. Die Cookies erzeugen Informationen, die an einen Google-Server \u00fcbertragen werden. Diese Server befinden sich in der Regel in den USA, folgen aber Abkommen zur Nutzung des europ\u00e4ischen Wirtschaftsraumes und k\u00fcrzen Ihre IP-Adresse vor \u00dcbermittlung in die Vereinigten Staaten. Nur in Ausnahmef\u00e4llen wird die IP-Adresse erst nach \u00dcbermittlung in die USA gek\u00fcrzt. Google wertet die \u00fcbermittelten Informationen aus und erbringt in diesem Kontext weitere Dienstleistungen f\u00fcr uns Webseitenbetreiber. Dabei wird die ermittelte IP-Adresse nicht mit anderen Google-Services zusammengef\u00fchrt. \u00dcber eine \u00c4nderung Ihrer Browsereinstellungen k\u00f6nnen Sie die Speicherung von Cookies auf Ihrem Rechner unterbinden. Damit k\u00f6nnen allerdings Darstellungs- und Funktionseinschr\u00e4nkungen bei der Nutzung unserer Webseite verbunden sein. Ein Browser-Plugin verhindert dar\u00fcber hinaus die Erfassung sowie Nutzung der durch die Cookies erzeugten Daten. Sie k\u00f6nnen es unter folgendem Link herunterladen: https:\/\/tools.google.com\/dlpage\/gaoptout?hl=de Erfahren Sie mehr zu den Datenschutzbedingungen von Google und Google Analytics unter: <a href=\"http:\/\/www.google.com\/analytics\/terms\/de.html\" target=\"_blank\" rel=\"noopener noreferrer\">www.google.com\/analytics\/terms\/de.html<\/a> oder unter https:\/\/www.google.de\/intl\/de\/policies\/.\n\n<img decoding=\"async\" class=\"spacer-gif\" title=\"\" src=\"https:\/\/apr-hamburg.de\/clear.gif\" alt=\"\" width=\"1\" height=\"10\" border=\"0\" \/>\n<a name=\"27\"><\/a>\n<h2>Rechtswirksamkeit dieses Haftungsausschlusses<\/h2>\nDieser Haftungsausschluss ist als Teil des Internetangebotes zu betrachten, von dem aus auf diese Seite verwiesen wurde. Sofern Teile oder einzelne Formulierungen dieses Textes der geltenden Rechtslage nicht, nicht mehr oder nicht vollst\u00e4ndig entsprechen sollten, bleiben die \u00fcbrigen Teile des Dokumentes in ihrem Inhalt und ihrer G\u00fcltigkeit davon unber\u00fchrt.\n\n<img decoding=\"async\" class=\"spacer-gif\" title=\"\" src=\"https:\/\/apr-hamburg.de\/clear.gif\" alt=\"\" width=\"1\" height=\"10\" border=\"0\" \/>\t\t\t\t\t\t<\/div>\n\t\t\t\t<\/div>\n\t\t\t\t\t<\/div>\n\t\t<\/div>\n\t\t\t\t\t\t\t<\/div>\n\t\t<\/section>\n\t\t\t\t\t\t\t<\/div>\n\t\t","protected":false},"excerpt":{"rendered":"<p>Herausgeber APR Unternehmensberatungs GmbH Puckholm 3 22547 Hamburg \u00a0\u00a0\u00a0\u00a0E-Mail: info@apr-hamburg.de \u00a0\u00a0\u00a0\u00a0Internet: www.apr-hamburg.de \u00a0\u00a0\u00a0\u00a0Telefon: +49 (0)40 58 30 76 \u00a0\u00a0\u00a0\u00a0Telefax: +49 (0)40 58 91 50 79&hellip;<\/p>\n","protected":false},"author":1,"featured_media":0,"parent":0,"menu_order":0,"comment_status":"closed","ping_status":"closed","template":"","meta":{"footnotes":""},"class_list":["post-84","page","type-page","status-publish","hentry"],"aioseo_notices":[],"jetpack_sharing_enabled":true,"_links":{"self":[{"href":"https:\/\/apr-hamburg.de\/index.php\/wp-json\/wp\/v2\/pages\/84","targetHints":{"allow":["GET"]}}],"collection":[{"href":"https:\/\/apr-hamburg.de\/index.php\/wp-json\/wp\/v2\/pages"}],"about":[{"href":"https:\/\/apr-hamburg.de\/index.php\/wp-json\/wp\/v2\/types\/page"}],"author":[{"embeddable":true,"href":"https:\/\/apr-hamburg.de\/index.php\/wp-json\/wp\/v2\/users\/1"}],"replies":[{"embeddable":true,"href":"https:\/\/apr-hamburg.de\/index.php\/wp-json\/wp\/v2\/comments?post=84"}],"version-history":[{"count":2,"href":"https:\/\/apr-hamburg.de\/index.php\/wp-json\/wp\/v2\/pages\/84\/revisions"}],"predecessor-version":[{"id":86,"href":"https:\/\/apr-hamburg.de\/index.php\/wp-json\/wp\/v2\/pages\/84\/revisions\/86"}],"wp:attachment":[{"href":"https:\/\/apr-hamburg.de\/index.php\/wp-json\/wp\/v2\/media?parent=84"}],"curies":[{"name":"wp","href":"https:\/\/api.w.org\/{rel}","templated":true}]}}